{"id":1629,"date":"2025-11-20T15:43:45","date_gmt":"2025-11-20T14:43:45","guid":{"rendered":"https:\/\/www.phoenix-zone.fr\/?page_id=1629"},"modified":"2025-11-20T15:50:50","modified_gmt":"2025-11-20T14:50:50","slug":"cgv","status":"publish","type":"page","link":"https:\/\/www.phoenix-zone.fr\/?page_id=1629","title":{"rendered":"CGV"},"content":{"rendered":"\t\t<div data-elementor-type=\"wp-post\" data-elementor-id=\"1629\" class=\"elementor elementor-1629\">\n\t\t\t\t\t\t<section class=\"elementor-section elementor-top-section elementor-element elementor-element-82d3e5a elementor-section-boxed elementor-section-height-default elementor-section-height-default wpr-particle-no wpr-jarallax-no wpr-parallax-no wpr-sticky-section-no\" data-id=\"82d3e5a\" data-element_type=\"section\" data-e-type=\"section\">\n\t\t\t\t\t\t<div class=\"elementor-container elementor-column-gap-default\">\n\t\t\t\t\t<div class=\"elementor-column elementor-col-100 elementor-top-column elementor-element elementor-element-f324fcc\" data-id=\"f324fcc\" data-element_type=\"column\" data-e-type=\"column\">\n\t\t\t<div class=\"elementor-widget-wrap elementor-element-populated\">\n\t\t\t\t\t\t<div class=\"elementor-element elementor-element-eafa2c5 elementor-widget elementor-widget-spacer\" data-id=\"eafa2c5\" data-element_type=\"widget\" data-e-type=\"widget\" data-widget_type=\"spacer.default\">\n\t\t\t\t<div class=\"elementor-widget-container\">\n\t\t\t\t\t\t\t<div class=\"elementor-spacer\">\n\t\t\t<div class=\"elementor-spacer-inner\"><\/div>\n\t\t<\/div>\n\t\t\t\t\t\t<\/div>\n\t\t\t\t<\/div>\n\t\t\t\t<div class=\"elementor-element elementor-element-ee20273 elementor-widget elementor-widget-text-editor\" data-id=\"ee20273\" data-element_type=\"widget\" data-e-type=\"widget\" data-widget_type=\"text-editor.default\">\n\t\t\t\t<div class=\"elementor-widget-container\">\n\t\t\t\t\t\t\t\t\t<h1>Conditions G\u00e9n\u00e9rales de Vente (CGV)<\/h1><p><strong>Phoenix Zone 29 Chemin du Santon, 06130 Grasse SIREN : 950731141, TCO Cannes<\/strong><\/p><h2>1. Objet<\/h2><p>Ces Conditions G\u00e9n\u00e9rales de Vente (CGV) d\u00e9\ufb01nissent les modalit\u00e9s de souscription, d&rsquo;utilisation et de r\u00e9siliation des abonnements et services propos\u00e9s par Phoenix Zone. L\u2019adh\u00e9rent reconna\u00eet avoir visit\u00e9 les installations, pris connaissance des prestations et des formules d\u2019abonnement avant la souscription. Les abonnements sont nominatifs, incessibles et permettent l\u2019acc\u00e8s aux installations selon les conditions d\u00e9\ufb01nies dans le contrat.<\/p><h2>2. Horaires d\u2019ouverture et places des cr\u00e9neaux<\/h2><p>Les horaires d\u2019ouverture peuvent \u00eatre consult\u00e9s sur notre page Google et le site internet. Phoenix Zone se r\u00e9serve le droit de modi\ufb01er les horaires pour des raisons exceptionnelles ou op\u00e9rationnelles, avec une information pr\u00e9alable aux adh\u00e9rents. La fr\u00e9quentation du club est limit\u00e9e, dans le cadre des horaires d\u2019ouverture et de l\u2019abonnement souscrit. Selon la formule choisie, certaines prestations peuvent \u00eatre exclues ou payantes.<\/p><h2>3. Abonnements et Tarifs<\/h2><p>Formules d\u2019abonnement<\/p><h3>Starter 107\u20ac\/mois<\/h3><ul><li>Activit\u00e9s incluses : small group trainings et acc\u00e8s libre, hors \ufb01tboxing.<\/li><li>Engagement de 12 mois.<\/li><li>Paiement par pr\u00e9l\u00e8vement automatique tous les mois.<\/li><li>Non remboursable, r\u00e9siliable pour raison exceptionnelle (sant\u00e9, d\u00e9m\u00e9nagement) avec un pr\u00e9avis de 1 mois.<\/li><\/ul><h3>Stronger 127\u20ac\/mois<\/h3><ul><li>Activit\u00e9s incluses : small group trainings et acc\u00e8s libre, hors \ufb01tboxing.<\/li><li>Engagement de 12 mois.<\/li><li>Paiement par pr\u00e9l\u00e8vement automatique tous les mois.<\/li><li>Non remboursable, r\u00e9siliable pour raison exceptionnelle (sant\u00e9, d\u00e9m\u00e9nagement) avec un pr\u00e9avis de 1 mois.<\/li><\/ul><h3>Power 157\u20ac\/mois<\/h3><ul><li>Activit\u00e9s incluses : small group trainings et acc\u00e8s libre, hors \ufb01tboxing.<\/li><li>Engagement de 12 mois.<\/li><li>Paiement par pr\u00e9l\u00e8vement automatique tous les mois.<\/li><li>Non remboursable, r\u00e9siliable pour raison exceptionnelle (sant\u00e9, d\u00e9m\u00e9nagement) avec un pr\u00e9avis de 1 mois.<\/li><\/ul><h3>Acc\u00e8s Libre 29\u20ac\/mois<\/h3><ul><li>Activit\u00e9s incluses : Acc\u00e8s libre.<\/li><li>Sans engagement.<\/li><li>Paiement par pr\u00e9l\u00e8vement automatique tous les mois.<\/li><li>Non remboursable, r\u00e9siliable avec un pr\u00e9avis de 1 mois.<\/li><\/ul><h3>Paiement par pr\u00e9l\u00e8vement automatique tous les 1 mois.<\/h3><h3>Packs \u00e0 l\u2019unit\u00e9<\/h3><ul><li>10 s\u00e9ances Small Group Training : 190 \u20ac.<\/li><li>1 s\u00e9ance Small Group Training : 22\u20ac<\/li><li>Coaching priv\u00e9 solo : 1 s\u00e9ance \u00e0 60\u20ac, 5 s\u00e9ances \u00e0 300 \u20ac, 10 s\u00e9ances \u00e0 540 \u20ac.<\/li><li>Coaching priv\u00e9 duo : 1 s\u00e9ance \u00e0 80\u20ac, 5 s\u00e9ances \u00e0 400 \u20ac, 10 s\u00e9ances \u00e0 720 \u20ac.<\/li><li>Valable uniquement dans le club souscripteur et pour une dur\u00e9e de 6 mois.<\/li><li>Carnet : les contrats \u00e0 nombre d\u2019entr\u00e9es ont une validit\u00e9 de 6 mois. Les entr\u00e9es sont utilisables uniquement dans le club de souscription.<\/li><\/ul><h3>Modalit\u00e9s de paiement<\/h3><ul><li>Les pr\u00e9l\u00e8vements bancaires sont e\ufb00ectu\u00e9s tous les 1 mois.<\/li><li>Tout changement de domiciliation bancaire doit \u00eatre signal\u00e9 au moins 3 semaines avant la date de pr\u00e9l\u00e8vement.<\/li><li>Un ch\u00e8que de caution ou une empreinte de carte bancaire est requis \u00e0 la souscription et sera encaiss\u00e9 en cas de d\u00e9faillance de paiement.<\/li><\/ul><h2>4. Conditions d\u2019acc\u00e8s et Utilisation<\/h2><p><strong>Tester le club <\/strong><\/p><p><strong>Les nouveaux adh\u00e9rents peuvent tester les activit\u00e9s via une s\u00e9ance d\u00e9couverte au tarif de 0 \u20ac TTC.<\/strong><\/p><h3>Hygi\u00e8ne et Comportement<\/h3><ol><li>Une tenue de sport propre et une paire de chaussures r\u00e9serv\u00e9es \u00e0 la salle sont obligatoires.<\/li><li>Des v\u00eatements amples sont d\u00e9conseill\u00e9s, ils pourraient \u00eatre la cause d\u2019accidents. Phoenix Zone d\u00e9cline toute responsabilit\u00e9s.<\/li><li>Les adh\u00e9rents doivent utiliser une serviette pour prot\u00e9ger les appareils et tapis, et nettoyer le mat\u00e9riel utilis\u00e9 avec les produits mis \u00e0 disposition.<\/li><li>Les adh\u00e9rents doivent utiliser un tapis de sol avec sa serviette \u00e9ponge lorsque cela n\u00e9cessite une station allong\u00e9e ou assise.<\/li><li>Toute attitude irrespectueuse ou tenue incorrecte pourra entra\u00eener des sanctions, y compris la r\u00e9siliation du contrat.<\/li><li>L\u2019adh\u00e9rent s\u2019engage \u00e0 lire le r\u00e8glement int\u00e9rieur et en respecter les consignes. Ce r\u00e8glement pourrait \u00eatre modi\ufb01\u00e9 par la direction, pour r\u00e9pondre \u00e0 la qualit\u00e9 de vie et de s\u00e9curit\u00e9 du club. Dans ce cas, l\u2019adh\u00e9rent en serait pr\u00e9venu.<\/li><\/ol><h2>5. Conditions d\u2019acc\u00e8s et Utilisation<\/h2><p>Il sera accept\u00e9 un report ou une suspension \u00e0 la suite d\u2019une blessure ou d\u2019une incapacit\u00e9 \u00e0 pratiquer le sport, uniquement avec r\u00e9ception d\u2018un certi\ufb01cat m\u00e9dical, par lettre recommand\u00e9e ou remise en main propre \u00e0 l\u2019accueil, dans les 7 jours suivants l\u2019arr\u00eat. Pour toutes autres raisons, les cas particuliers seront \u00e9tudi\u00e9s par la direction du club.<\/p><h2>6. Impay\u00e9s<\/h2><p>En cas de rejet de pr\u00e9l\u00e8vement :<\/p><ul><li>Le paiement sera repr\u00e9sent\u00e9 ou r\u00e9gl\u00e9 directement au club.<\/li><li>Apr\u00e8s mise en demeure, la cr\u00e9ance pourra \u00eatre con\ufb01\u00e9e \u00e0 une soci\u00e9t\u00e9 de recouvrement, avec frais \u00e0 la charge de l\u2019adh\u00e9rent.<\/li><li>L\u2019absence de r\u00e8glement entra\u00eenera la r\u00e9siliation du contrat d\u2019abonnement quatre semaines apr\u00e8s le nouvel incident de paiement. Les impay\u00e9s restent d\u00fbs.<\/li><li>Durant toute la dur\u00e9e de l\u2019impay\u00e9, les acc\u00e8s, avantages et services du club seront suspendus.<\/li><\/ul><h2>7. R\u00e9tractation<\/h2><p>Conform\u00e9ment \u00e0 l\u2019article L.221-18 du Code de la Consommation, l\u2019adh\u00e9rent dispose d\u2019un d\u00e9lai de 14 jours pour exercer son droit de r\u00e9tractation. Le formulaire de r\u00e9tractation est disponible sur notre site internet dans nos CGV.<\/p><p>Mod\u00e8le de lettre type pour la r\u00e9tractation du consommateur dans le cas d\u2019un contrat \u00e0 distance : Lettre \u00e0 adresser en recommand\u00e9, avec accus\u00e9 de r\u00e9ception au club de souscription.<\/p><p>Pr\u00e9nom et nom du consommateur<\/p><p>Son adresse<\/p><p>Code postal<\/p><p>Ville Destinataire : Ph\u0153nix zone (plus : ville du club de souscription)<\/p><p>Adresse du destinataire (du club de souscription)<\/p><p>Code postal \u2013 Ville (du club de souscription) \u00c0 \u2026, le \u2026 (date de la lettre)<\/p><p>Madame, Monsieur, Le\u2026 (Indiquez la date, le mois et l\u2019ann\u00e9e \ufb01gurant sur le contrat), j\u2019ai achet\u00e9 un abonnement au club ou sur votre site internet ou en ligne sur votre application DECIPLUS. Conform\u00e9ment \u00e0 l\u2019article L. 221-18 du code de la consommation, j\u2019exerce mon droit de r\u00e9tractation. En cons\u00e9quence, je vous prie de bien vouloir me restituer au plus vite et au plus tard dans les 14 jours suivant la r\u00e9ception de la pr\u00e9sente, la somme de \u2026 euros que je vous ai vers\u00e9e lors de ma commande, ceci conform\u00e9ment aux dispositions de l\u2019article L. 221-24 du code de la consommation.<\/p><p>Je vous prie de croire, Madame, Monsieur, \u00e0 l\u2019expression de mes sentiments distingu\u00e9s. Signature<\/p><h2>8. R\u00e9siliation<\/h2><p><strong>Par l\u2019adh\u00e9rent<\/strong><\/p><ul><li>Les abonnements peuvent \u00eatre r\u00e9sili\u00e9s \u00e0 tout moment apr\u00e8s l\u2019engagement initial d\u2019un an (12mois).<\/li><li>Pour les abonnements sans engagement, la r\u00e9siliation est possible apr\u00e8s 4 semaines.<\/li><li>Toute demande doit \u00eatre faite par courrier recommand\u00e9 ou lettre remise en main propre.<\/li><\/ul><p><strong>Par le club<\/strong><\/p><p>Le club peut r\u00e9silier le contrat en cas de non-paiement apr\u00e8s une tentative de r\u00e9gularisation amiable.<\/p><p>Le club se r\u00e9serve le droit de r\u00e9silier l\u2019abonnement de toutes personnes ne respectant les pr\u00e9sentes CGV, de fa\u00e7on imm\u00e9diate, sans remboursement ni compensation \ufb01nanci\u00e8res.<\/p><p>Le club se r\u00e9serve le droit de r\u00e9silier l\u2019abonnement de toutes personnes faisant preuve de manque de respect envers l\u2019\u00e9quipe ou les adh\u00e9rents, ou d\u2019attitude en opposition aux valeurs de la salle.<\/p><h2>9. Assurances et Responsabilit\u00e9s<\/h2><p>Le club est assur\u00e9, aupr\u00e8s d\u2019une compagnie d\u2019assurances notoirement solvable, conform\u00e9ment \u00e0 la l\u00e9gislation en vigueur pour les dommages engageant sa responsabilit\u00e9. Toutefois, la responsabilit\u00e9 de Phoenix Zone ne peut \u00eatre engag\u00e9e en cas de vol ou de d\u00e9t\u00e9rioration d\u2019e\ufb00ets personnels non enferm\u00e9s dans des casiers ferm\u00e9s \u00e0 cl\u00e9, notamment pour l\u2019utilisation des casiers l\u2019adh\u00e9rent doit utiliser son propre cadenas.<br \/>L\u2019attestation de police d\u2019assurance est a\ufb03ch\u00e9e dans le club, ainsi que le r\u00e8glement int\u00e9rieur et l\u2019ensemble des tarifs en vigueur.<\/p><h2>10. Certi\ufb01cat m\u00e9dical pour pratique<\/h2><p>L\u2019adh\u00e9rent atteste, par la remise d\u2019un certi\ufb01cat m\u00e9dical, de son aptitude \u00e0 utiliser les services propos\u00e9s et \u00e0 suivre les cours collectifs dirig\u00e9s du Club. Il d\u00e9clare que son \u00e9tat de sant\u00e9 lui permet de pratiquer d\u2019une fa\u00e7on g\u00e9n\u00e9rale, le sport en salle de \ufb01tness. A d\u00e9faut de remise d\u2019un certi\ufb01cat m\u00e9dical, l\u2019Adh\u00e9rent engage sa responsabilit\u00e9. Il est exig\u00e9 une autorisation parentale pour les mineurs et un certi\ufb01cat m\u00e9dical d\u2019aptitude \u00e0 la pratique du sport en salle de \ufb01tness.<\/p><h2>11. Open Gym &#8211; Acc\u00e8s Libre<\/h2><p>Lors des plages de libre-service, aucun encadrement n\u2019est pr\u00e9vu (ni coach, ni direction).<\/p><p>Une personne seule ne peut s\u2019entra\u00eener dans le club, dans le cas contraire c\u2019est sous son enti\u00e8re responsabilit\u00e9. Il est fortement conseill\u00e9 d\u2019attendre l\u2019arriv\u00e9e d\u2019un autre membre.<\/p><p>Sont interdits \u00e9galement, le d\u00e9placement des machines, ainsi que la cr\u00e9ation de montages de fortune qui pourraient mettre en danger l\u2019adh\u00e9rent et son entourage.<\/p><p>En libre-service, pour des raisons de s\u00e9curit\u00e9, l\u2019adh\u00e9rent devra respecter scrupuleusement les horaires d\u2019\u00e9vacuation du club.<\/p><p>Il est strictement interdit \u00e0 l\u2019adh\u00e9rent d\u2019\u00eatre accompagn\u00e9 par une personne ext\u00e9rieure non membres du club (familles, amis, entourages etc..). Les enfants ne sont pas accept\u00e9s \u00e9galement. Il est interdit d\u2019utiliser la sortie de secours, pour entrer au club, ni pour en sortir, sauf en cas de sinistre, ou de danger imm\u00e9diat.<\/p><p>Le non-respect des conditions g\u00e9n\u00e9rales de vente pourra entra\u00eener la rupture du pr\u00e9sent contrat.<\/p><h2>12. Donn\u00e9es Personnelles<\/h2><p>Conform\u00e9ment \u00e0 la loi \u00ab\u00a0Informatique et Libert\u00e9s\u00a0\u00bb du 6 janvier 1978, les adh\u00e9rents disposent d\u2019un droit d\u2019acc\u00e8s et de recti\ufb01cation de leurs donn\u00e9es personnelles en s\u2019adressant \u00e0 la Direction.<\/p><p>Pour toute question, veuillez contacter l\u2019\u00e9quipe Phoenix Zone \u00e0 contact@phoenix-zone.fr, ou via courrier postale au 29 chemin du santon, 06130 GRASSE.<\/p><p>Merci de votre con\ufb01ance !<\/p>\t\t\t\t\t\t\t\t<\/div>\n\t\t\t\t<\/div>\n\t\t\t\t\t<\/div>\n\t\t<\/div>\n\t\t\t\t\t<\/div>\n\t\t<\/section>\n\t\t\t\t<section class=\"elementor-section elementor-top-section elementor-element elementor-element-dbac7c6 elementor-section-boxed elementor-section-height-default elementor-section-height-default wpr-particle-no wpr-jarallax-no wpr-parallax-no wpr-sticky-section-no\" data-id=\"dbac7c6\" data-element_type=\"section\" data-e-type=\"section\">\n\t\t\t\t\t\t<div class=\"elementor-container elementor-column-gap-default\">\n\t\t\t\t\t<div class=\"elementor-column elementor-col-100 elementor-top-column elementor-element elementor-element-54fd712\" data-id=\"54fd712\" data-element_type=\"column\" data-e-type=\"column\">\n\t\t\t<div class=\"elementor-widget-wrap elementor-element-populated\">\n\t\t\t\t\t\t<div class=\"elementor-element elementor-element-1ce1202 elementor-widget elementor-widget-spacer\" data-id=\"1ce1202\" data-element_type=\"widget\" data-e-type=\"widget\" data-widget_type=\"spacer.default\">\n\t\t\t\t<div class=\"elementor-widget-container\">\n\t\t\t\t\t\t\t<div class=\"elementor-spacer\">\n\t\t\t<div class=\"elementor-spacer-inner\"><\/div>\n\t\t<\/div>\n\t\t\t\t\t\t<\/div>\n\t\t\t\t<\/div>\n\t\t\t\t\t<\/div>\n\t\t<\/div>\n\t\t\t\t\t<\/div>\n\t\t<\/section>\n\t\t\t\t<\/div>\n\t\t","protected":false},"excerpt":{"rendered":"<p>Conditions G\u00e9n\u00e9rales de Vente (CGV) Phoenix Zone 29 Chemin du Santon, 06130 Grasse SIREN : 950731141, TCO Cannes 1. Objet Ces Conditions G\u00e9n\u00e9rales de Vente (CGV) d\u00e9\ufb01nissent les modalit\u00e9s de souscription, d&rsquo;utilisation et de r\u00e9siliation des abonnements et services propos\u00e9s par Phoenix Zone. L\u2019adh\u00e9rent reconna\u00eet avoir visit\u00e9 les installations, pris connaissance des prestations et des formules d\u2019abonnement avant la souscription. Les abonnements sont nominatifs, incessibles et permettent l\u2019acc\u00e8s aux installations selon les conditions d\u00e9\ufb01nies dans le contrat. 2. Horaires d\u2019ouverture et places des cr\u00e9neaux Les horaires d\u2019ouverture peuvent \u00eatre consult\u00e9s sur notre page Google et le site internet. Phoenix Zone se r\u00e9serve le droit de modi\ufb01er les horaires pour des raisons exceptionnelles ou op\u00e9rationnelles, avec une information pr\u00e9alable aux adh\u00e9rents. La fr\u00e9quentation du club est limit\u00e9e, dans le cadre des horaires d\u2019ouverture et de l\u2019abonnement souscrit. Selon la formule choisie, certaines prestations peuvent \u00eatre exclues ou payantes. 3. Abonnements et Tarifs Formules d\u2019abonnement Starter 107\u20ac\/mois Activit\u00e9s incluses : small group trainings et acc\u00e8s libre, hors \ufb01tboxing. Engagement de 12 mois. Paiement par pr\u00e9l\u00e8vement automatique tous les mois. Non remboursable, r\u00e9siliable pour raison exceptionnelle (sant\u00e9, d\u00e9m\u00e9nagement) avec un pr\u00e9avis de 1 mois. Stronger 127\u20ac\/mois Activit\u00e9s incluses : small group trainings et acc\u00e8s libre, hors \ufb01tboxing. Engagement de 12 mois. Paiement par pr\u00e9l\u00e8vement automatique tous les mois. Non remboursable, r\u00e9siliable pour raison exceptionnelle (sant\u00e9, d\u00e9m\u00e9nagement) avec un pr\u00e9avis de 1 mois. Power 157\u20ac\/mois Activit\u00e9s incluses : small group trainings et acc\u00e8s libre, hors \ufb01tboxing. Engagement de 12 mois. Paiement par pr\u00e9l\u00e8vement automatique tous les mois. Non remboursable, r\u00e9siliable pour raison exceptionnelle (sant\u00e9, d\u00e9m\u00e9nagement) avec un pr\u00e9avis de 1 mois. Acc\u00e8s Libre 29\u20ac\/mois Activit\u00e9s incluses : Acc\u00e8s libre. Sans engagement. Paiement par pr\u00e9l\u00e8vement automatique tous les mois. Non remboursable, r\u00e9siliable avec un pr\u00e9avis de 1 mois. Paiement par pr\u00e9l\u00e8vement automatique tous les 1 mois. Packs \u00e0 l\u2019unit\u00e9 10 s\u00e9ances Small Group Training : 190 \u20ac. 1 s\u00e9ance Small Group Training : 22\u20ac Coaching priv\u00e9 solo : 1 s\u00e9ance \u00e0 60\u20ac, 5 s\u00e9ances \u00e0 300 \u20ac, 10 s\u00e9ances \u00e0 540 \u20ac. Coaching priv\u00e9 duo : 1 s\u00e9ance \u00e0 80\u20ac, 5 s\u00e9ances \u00e0 400 \u20ac, 10 s\u00e9ances \u00e0 720 \u20ac. Valable uniquement dans le club souscripteur et pour une dur\u00e9e de 6 mois. Carnet : les contrats \u00e0 nombre d\u2019entr\u00e9es ont une validit\u00e9 de 6 mois. Les entr\u00e9es sont utilisables uniquement dans le club de souscription. Modalit\u00e9s de paiement Les pr\u00e9l\u00e8vements bancaires sont e\ufb00ectu\u00e9s tous les 1 mois. Tout changement de domiciliation bancaire doit \u00eatre signal\u00e9 au moins 3 semaines avant la date de pr\u00e9l\u00e8vement. Un ch\u00e8que de caution ou une empreinte de carte bancaire est requis \u00e0 la souscription et sera encaiss\u00e9 en cas de d\u00e9faillance de paiement. 4. Conditions d\u2019acc\u00e8s et Utilisation Tester le club Les nouveaux adh\u00e9rents peuvent tester les activit\u00e9s via une s\u00e9ance d\u00e9couverte au tarif de 0 \u20ac TTC. Hygi\u00e8ne et Comportement Une tenue de sport propre et une paire de chaussures r\u00e9serv\u00e9es \u00e0 la salle sont obligatoires. Des v\u00eatements amples sont d\u00e9conseill\u00e9s, ils pourraient \u00eatre la cause d\u2019accidents. Phoenix Zone d\u00e9cline toute responsabilit\u00e9s. Les adh\u00e9rents doivent utiliser une serviette pour prot\u00e9ger les appareils et tapis, et nettoyer le mat\u00e9riel utilis\u00e9 avec les produits mis \u00e0 disposition. Les adh\u00e9rents doivent utiliser un tapis de sol avec sa serviette \u00e9ponge lorsque cela n\u00e9cessite une station allong\u00e9e ou assise. Toute attitude irrespectueuse ou tenue incorrecte pourra entra\u00eener des sanctions, y compris la r\u00e9siliation du contrat. L\u2019adh\u00e9rent s\u2019engage \u00e0 lire le r\u00e8glement int\u00e9rieur et en respecter les consignes. Ce r\u00e8glement pourrait \u00eatre modi\ufb01\u00e9 par la direction, pour r\u00e9pondre \u00e0 la qualit\u00e9 de vie et de s\u00e9curit\u00e9 du club. Dans ce cas, l\u2019adh\u00e9rent en serait pr\u00e9venu. 5. Conditions d\u2019acc\u00e8s et Utilisation Il sera accept\u00e9 un report ou une suspension \u00e0 la suite d\u2019une blessure ou d\u2019une incapacit\u00e9 \u00e0 pratiquer le sport, uniquement avec r\u00e9ception d\u2018un certi\ufb01cat m\u00e9dical, par lettre recommand\u00e9e ou remise en main propre \u00e0 l\u2019accueil, dans les 7 jours suivants l\u2019arr\u00eat. Pour toutes autres raisons, les cas particuliers seront \u00e9tudi\u00e9s par la direction du club. 6. Impay\u00e9s En cas de rejet de pr\u00e9l\u00e8vement : Le paiement sera repr\u00e9sent\u00e9 ou r\u00e9gl\u00e9 directement au club. Apr\u00e8s mise en demeure, la cr\u00e9ance pourra \u00eatre con\ufb01\u00e9e \u00e0 une soci\u00e9t\u00e9 de recouvrement, avec frais \u00e0 la charge de l\u2019adh\u00e9rent. L\u2019absence de r\u00e8glement entra\u00eenera la r\u00e9siliation du contrat d\u2019abonnement quatre semaines apr\u00e8s le nouvel incident de paiement. Les impay\u00e9s restent d\u00fbs. Durant toute la dur\u00e9e de l\u2019impay\u00e9, les acc\u00e8s, avantages et services du club seront suspendus. 7. R\u00e9tractation Conform\u00e9ment \u00e0 l\u2019article L.221-18 du Code de la Consommation, l\u2019adh\u00e9rent dispose d\u2019un d\u00e9lai de 14 jours pour exercer son droit de r\u00e9tractation. Le formulaire de r\u00e9tractation est disponible sur notre site internet dans nos CGV. Mod\u00e8le de lettre type pour la r\u00e9tractation du consommateur dans le cas d\u2019un contrat \u00e0 distance : Lettre \u00e0 adresser en recommand\u00e9, avec accus\u00e9 de r\u00e9ception au club de souscription. Pr\u00e9nom et nom du consommateur Son adresse Code postal Ville Destinataire : Ph\u0153nix zone (plus : ville du club de souscription) Adresse du destinataire (du club de souscription) Code postal \u2013 Ville (du club de souscription) \u00c0 \u2026, le \u2026 (date de la lettre) Madame, Monsieur, Le\u2026 (Indiquez la date, le mois et l\u2019ann\u00e9e \ufb01gurant sur le contrat), j\u2019ai achet\u00e9 un abonnement au club ou sur votre site internet ou en ligne sur votre application DECIPLUS. Conform\u00e9ment \u00e0 l\u2019article L. 221-18 du code de la consommation, j\u2019exerce mon droit de r\u00e9tractation. En cons\u00e9quence, je vous prie de bien vouloir me restituer au plus vite et au plus tard dans les 14 jours suivant la r\u00e9ception de la pr\u00e9sente, la somme de \u2026 euros que je vous ai vers\u00e9e lors de ma commande, ceci conform\u00e9ment aux dispositions de l\u2019article L. 221-24 du code de la consommation. Je vous prie de croire, Madame, Monsieur, \u00e0 l\u2019expression de mes sentiments distingu\u00e9s. Signature 8. R\u00e9siliation Par l\u2019adh\u00e9rent Les abonnements peuvent \u00eatre r\u00e9sili\u00e9s \u00e0 tout moment apr\u00e8s l\u2019engagement initial d\u2019un an (12mois). Pour les abonnements sans engagement, la r\u00e9siliation est possible apr\u00e8s 4 semaines. Toute demande doit \u00eatre faite<\/p>\n","protected":false},"author":1,"featured_media":0,"parent":0,"menu_order":0,"comment_status":"closed","ping_status":"closed","template":"","meta":{"ocean_post_layout":"full-screen","ocean_both_sidebars_style":"","ocean_both_sidebars_content_width":0,"ocean_both_sidebars_sidebars_width":0,"ocean_sidebar":"0","ocean_second_sidebar":"0","ocean_disable_margins":"on","ocean_add_body_class":"","ocean_shortcode_before_top_bar":"","ocean_shortcode_after_top_bar":"","ocean_shortcode_before_header":"","ocean_shortcode_after_header":"","ocean_has_shortcode":"","ocean_shortcode_after_title":"","ocean_shortcode_before_footer_widgets":"","ocean_shortcode_after_footer_widgets":"","ocean_shortcode_before_footer_bottom":"","ocean_shortcode_after_footer_bottom":"","ocean_display_top_bar":"default","ocean_display_header":"default","ocean_header_style":"","ocean_center_header_left_menu":"0","ocean_custom_header_template":"0","ocean_custom_logo":0,"ocean_custom_retina_logo":0,"ocean_custom_logo_max_width":0,"ocean_custom_logo_tablet_max_width":0,"ocean_custom_logo_mobile_max_width":0,"ocean_custom_logo_max_height":0,"ocean_custom_logo_tablet_max_height":0,"ocean_custom_logo_mobile_max_height":0,"ocean_header_custom_menu":"0","ocean_menu_typo_font_family":"0","ocean_menu_typo_font_subset":"","ocean_menu_typo_font_size":0,"ocean_menu_typo_font_size_tablet":0,"ocean_menu_typo_font_size_mobile":0,"ocean_menu_typo_font_size_unit":"px","ocean_menu_typo_font_weight":"","ocean_menu_typo_font_weight_tablet":"","ocean_menu_typo_font_weight_mobile":"","ocean_menu_typo_transform":"","ocean_menu_typo_transform_tablet":"","ocean_menu_typo_transform_mobile":"","ocean_menu_typo_line_height":0,"ocean_menu_typo_line_height_tablet":0,"ocean_menu_typo_line_height_mobile":0,"ocean_menu_typo_line_height_unit":"","ocean_menu_typo_spacing":0,"ocean_menu_typo_spacing_tablet":0,"ocean_menu_typo_spacing_mobile":0,"ocean_menu_typo_spacing_unit":"","ocean_menu_link_color":"","ocean_menu_link_color_hover":"","ocean_menu_link_color_active":"","ocean_menu_link_background":"","ocean_menu_link_hover_background":"","ocean_menu_link_active_background":"","ocean_menu_social_links_bg":"","ocean_menu_social_hover_links_bg":"","ocean_menu_social_links_color":"","ocean_menu_social_hover_links_color":"","ocean_disable_title":"on","ocean_disable_heading":"default","ocean_post_title":"","ocean_post_subheading":"","ocean_post_title_style":"","ocean_post_title_background_color":"","ocean_post_title_background":0,"ocean_post_title_bg_image_position":"","ocean_post_title_bg_image_attachment":"","ocean_post_title_bg_image_repeat":"","ocean_post_title_bg_image_size":"","ocean_post_title_height":0,"ocean_post_title_bg_overlay":0.5,"ocean_post_title_bg_overlay_color":"","ocean_disable_breadcrumbs":"default","ocean_breadcrumbs_color":"","ocean_breadcrumbs_separator_color":"","ocean_breadcrumbs_links_color":"","ocean_breadcrumbs_links_hover_color":"","ocean_display_footer_widgets":"on","ocean_display_footer_bottom":"default","ocean_custom_footer_template":"0","footnotes":""},"class_list":["post-1629","page","type-page","status-publish","hentry","entry"],"_links":{"self":[{"href":"https:\/\/www.phoenix-zone.fr\/index.php?rest_route=\/wp\/v2\/pages\/1629","targetHints":{"allow":["GET"]}}],"collection":[{"href":"https:\/\/www.phoenix-zone.fr\/index.php?rest_route=\/wp\/v2\/pages"}],"about":[{"href":"https:\/\/www.phoenix-zone.fr\/index.php?rest_route=\/wp\/v2\/types\/page"}],"author":[{"embeddable":true,"href":"https:\/\/www.phoenix-zone.fr\/index.php?rest_route=\/wp\/v2\/users\/1"}],"replies":[{"embeddable":true,"href":"https:\/\/www.phoenix-zone.fr\/index.php?rest_route=%2Fwp%2Fv2%2Fcomments&post=1629"}],"version-history":[{"count":8,"href":"https:\/\/www.phoenix-zone.fr\/index.php?rest_route=\/wp\/v2\/pages\/1629\/revisions"}],"predecessor-version":[{"id":1658,"href":"https:\/\/www.phoenix-zone.fr\/index.php?rest_route=\/wp\/v2\/pages\/1629\/revisions\/1658"}],"wp:attachment":[{"href":"https:\/\/www.phoenix-zone.fr\/index.php?rest_route=%2Fwp%2Fv2%2Fmedia&parent=1629"}],"curies":[{"name":"wp","href":"https:\/\/api.w.org\/{rel}","templated":true}]}}