{"id":1634,"date":"2025-11-20T15:45:55","date_gmt":"2025-11-20T14:45:55","guid":{"rendered":"https:\/\/www.phoenix-zone.fr\/?page_id=1634"},"modified":"2025-11-20T15:50:41","modified_gmt":"2025-11-20T14:50:41","slug":"ml","status":"publish","type":"page","link":"https:\/\/www.phoenix-zone.fr\/?page_id=1634","title":{"rendered":"ML"},"content":{"rendered":"\t\t<div data-elementor-type=\"wp-post\" data-elementor-id=\"1634\" class=\"elementor elementor-1634\">\n\t\t\t\t\t\t<section class=\"elementor-section elementor-top-section elementor-element elementor-element-6e761f4 elementor-section-boxed elementor-section-height-default elementor-section-height-default wpr-particle-no wpr-jarallax-no wpr-parallax-no wpr-sticky-section-no\" data-id=\"6e761f4\" data-element_type=\"section\" data-e-type=\"section\">\n\t\t\t\t\t\t<div class=\"elementor-container elementor-column-gap-default\">\n\t\t\t\t\t<div class=\"elementor-column elementor-col-100 elementor-top-column elementor-element elementor-element-432c748\" data-id=\"432c748\" data-element_type=\"column\" data-e-type=\"column\">\n\t\t\t<div class=\"elementor-widget-wrap elementor-element-populated\">\n\t\t\t\t\t\t<div class=\"elementor-element elementor-element-1192d04 elementor-widget elementor-widget-spacer\" data-id=\"1192d04\" data-element_type=\"widget\" data-e-type=\"widget\" data-widget_type=\"spacer.default\">\n\t\t\t\t<div class=\"elementor-widget-container\">\n\t\t\t\t\t\t\t<div class=\"elementor-spacer\">\n\t\t\t<div class=\"elementor-spacer-inner\"><\/div>\n\t\t<\/div>\n\t\t\t\t\t\t<\/div>\n\t\t\t\t<\/div>\n\t\t\t\t<div class=\"elementor-element elementor-element-d33465f elementor-widget elementor-widget-text-editor\" data-id=\"d33465f\" data-element_type=\"widget\" data-e-type=\"widget\" data-widget_type=\"text-editor.default\">\n\t\t\t\t<div class=\"elementor-widget-container\">\n\t\t\t\t\t\t\t\t\t<h1>Mentions l\u00e9gales PHOENIX ZONE<\/h1>\n<h2>1. \u00c9diteur du site<\/h2>\nLe site phoenix-zone.fr est \u00e9dit\u00e9 par :\nNom \/ Raison sociale : PHOENIX ZONE\nForme juridique : SAS\nCapital social : 1000\u20ac\nSi\u00e8ge social : 15 ter chemin de l\u2019olivet 06110 Le Cannet\nSIREN : 950731141\nNum\u00e9ro de TVA intracommunautaire : FR03950731141\nAdresse e-mail : contact.phoenixzone@gmail.com\nT\u00e9l\u00e9phone : 0760188953\n<h2>2. Directeur de la publication<\/h2>\nNom : \u00e0 compl\u00e9ter\nFonction (ex : g\u00e9rant) : \u00e0 compl\u00e9ter\n<h2>3. H\u00e9bergeur du site<\/h2>\nNom de l\u2019h\u00e9bergeur : \u00e0 compl\u00e9ter\nAdresse de l\u2019h\u00e9bergeur : \u00e0 compl\u00e9ter\nT\u00e9l\u00e9phone de l\u2019h\u00e9bergeur : \u00e0 compl\u00e9ter\n<h2>4. Propri\u00e9t\u00e9 intellectuelle<\/h2>\nL\u2019ensemble des contenus accessibles sur le site (textes, images, logos, vid\u00e9os, bases de donn\u00e9es, etc.) est prot\u00e9g\u00e9 par les lois fran\u00e7aises et internationales relatives \u00e0 la propri\u00e9t\u00e9 intellectuelle. Sauf autorisation \u00e9crite expresse, toute reproduction, repr\u00e9sentation, modi\ufb01cation, adaptation, di\ufb00usion ou exploitation, partielle ou int\u00e9grale, de ces contenus est strictement interdite.\n<h2>5. Donn\u00e9es personnelles \/ vie priv\u00e9e<\/h2>\nConform\u00e9ment \u00e0 la loi \u00ab Informatique et Libert\u00e9s \u00bb du 6 janvier 1978 et au R\u00e8glement G\u00e9n\u00e9ral sur la Protection des Donn\u00e9es (RGPD), l\u2019utilisateur est inform\u00e9 que ses donn\u00e9es peuvent \u00eatre collect\u00e9es.\n<ul>\n \t<li>Finalit\u00e9s du traitement : newsletters ?<\/li>\n \t<li>Destinataires des donn\u00e9es : ex : service marketing, prestataires techniques, h\u00e9bergeur<\/li>\n \t<li>Droits de l\u2019utilisateur : droit d\u2019acc\u00e8s, de recti\ufb01cation, d\u2019e\ufb00acement, d\u2019opposition, de portabilit\u00e9 ; possibilit\u00e9 d\u2019introduire une r\u00e9clamation aupr\u00e8s de la CNIL<\/li>\n \t<li>D\u00e9lai de conservation des donn\u00e9es : \u00e0 d\u00e9\ufb01nir selon type de donn\u00e9es<\/li>\n \t<li>Contact pour exercer ses droits : adresse e-mail ou adresse postale<\/li>\n \t<li>Utilisation des cookies : information sur les cookies d\u00e9pos\u00e9s, \ufb01nalit\u00e9s, consentement<\/li>\n<\/ul>\n<h2>6. Conditions de service \/ responsabilit\u00e9<\/h2>\nLe site s\u2019e\ufb00orce d\u2019assurer l\u2019exactitude des informations di\ufb00us\u00e9es, mais ne garantit pas qu\u2019elles soient compl\u00e8tes, exactes ou \u00e0 jour.\nL\u2019\u00e9diteur ne pourra \u00eatre tenu responsable des dommages directs ou indirects r\u00e9sultant de l\u2019acc\u00e8s ou de l\u2019utilisation du site.\nL\u2019utilisateur s\u2019engage \u00e0 ne pas utiliser le site \u00e0 des \ufb01ns ill\u00e9gales : spam, intrusion informatique, di\ufb00usion de contenus illicites, etc.\n<h2>7. Liens hypertextes<\/h2>\nLe site peut contenir des liens vers d\u2019autres sites. L\u2019\u00e9diteur d\u00e9cline toute responsabilit\u00e9 quant aux contenus de ces sites externes.\n<h2>8. Droit applicable et attribution de juridiction<\/h2>\nLes pr\u00e9sentes mentions l\u00e9gales sont r\u00e9gies par le droit fran\u00e7ais.\nEn cas de litige, seuls les tribunaux comp\u00e9tents du ressort de ville du si\u00e8ge social seront comp\u00e9tents, sauf disposition imp\u00e9rative contraire.\t\t\t\t\t\t\t\t<\/div>\n\t\t\t\t<\/div>\n\t\t\t\t\t<\/div>\n\t\t<\/div>\n\t\t\t\t\t<\/div>\n\t\t<\/section>\n\t\t\t\t<section class=\"elementor-section elementor-top-section elementor-element elementor-element-c663bf0 elementor-section-boxed elementor-section-height-default elementor-section-height-default wpr-particle-no wpr-jarallax-no wpr-parallax-no wpr-sticky-section-no\" data-id=\"c663bf0\" data-element_type=\"section\" data-e-type=\"section\">\n\t\t\t\t\t\t<div class=\"elementor-container elementor-column-gap-default\">\n\t\t\t\t\t<div class=\"elementor-column elementor-col-100 elementor-top-column elementor-element elementor-element-7abeebb\" data-id=\"7abeebb\" data-element_type=\"column\" data-e-type=\"column\">\n\t\t\t<div class=\"elementor-widget-wrap elementor-element-populated\">\n\t\t\t\t\t\t<div class=\"elementor-element elementor-element-ed4ff1a elementor-widget elementor-widget-spacer\" data-id=\"ed4ff1a\" data-element_type=\"widget\" data-e-type=\"widget\" data-widget_type=\"spacer.default\">\n\t\t\t\t<div class=\"elementor-widget-container\">\n\t\t\t\t\t\t\t<div class=\"elementor-spacer\">\n\t\t\t<div class=\"elementor-spacer-inner\"><\/div>\n\t\t<\/div>\n\t\t\t\t\t\t<\/div>\n\t\t\t\t<\/div>\n\t\t\t\t\t<\/div>\n\t\t<\/div>\n\t\t\t\t\t<\/div>\n\t\t<\/section>\n\t\t\t\t<\/div>\n\t\t","protected":false},"excerpt":{"rendered":"<p>Mentions l\u00e9gales PHOENIX ZONE 1. \u00c9diteur du site Le site phoenix-zone.fr est \u00e9dit\u00e9 par : Nom \/ Raison sociale : PHOENIX ZONE Forme juridique : SAS Capital social : 1000\u20ac Si\u00e8ge social : 15 ter chemin de l\u2019olivet 06110 Le Cannet SIREN : 950731141 Num\u00e9ro de TVA intracommunautaire : FR03950731141 Adresse e-mail : contact.phoenixzone@gmail.com T\u00e9l\u00e9phone : 0760188953 2. Directeur de la publication Nom : \u00e0 compl\u00e9ter Fonction (ex : g\u00e9rant) : \u00e0 compl\u00e9ter 3. H\u00e9bergeur du site Nom de l\u2019h\u00e9bergeur : \u00e0 compl\u00e9ter Adresse de l\u2019h\u00e9bergeur : \u00e0 compl\u00e9ter T\u00e9l\u00e9phone de l\u2019h\u00e9bergeur : \u00e0 compl\u00e9ter 4. Propri\u00e9t\u00e9 intellectuelle L\u2019ensemble des contenus accessibles sur le site (textes, images, logos, vid\u00e9os, bases de donn\u00e9es, etc.) est prot\u00e9g\u00e9 par les lois fran\u00e7aises et internationales relatives \u00e0 la propri\u00e9t\u00e9 intellectuelle. Sauf autorisation \u00e9crite expresse, toute reproduction, repr\u00e9sentation, modi\ufb01cation, adaptation, di\ufb00usion ou exploitation, partielle ou int\u00e9grale, de ces contenus est strictement interdite. 5. Donn\u00e9es personnelles \/ vie priv\u00e9e Conform\u00e9ment \u00e0 la loi \u00ab Informatique et Libert\u00e9s \u00bb du 6 janvier 1978 et au R\u00e8glement G\u00e9n\u00e9ral sur la Protection des Donn\u00e9es (RGPD), l\u2019utilisateur est inform\u00e9 que ses donn\u00e9es peuvent \u00eatre collect\u00e9es. Finalit\u00e9s du traitement : newsletters ? Destinataires des donn\u00e9es : ex : service marketing, prestataires techniques, h\u00e9bergeur Droits de l\u2019utilisateur : droit d\u2019acc\u00e8s, de recti\ufb01cation, d\u2019e\ufb00acement, d\u2019opposition, de portabilit\u00e9 ; possibilit\u00e9 d\u2019introduire une r\u00e9clamation aupr\u00e8s de la CNIL D\u00e9lai de conservation des donn\u00e9es : \u00e0 d\u00e9\ufb01nir selon type de donn\u00e9es Contact pour exercer ses droits : adresse e-mail ou adresse postale Utilisation des cookies : information sur les cookies d\u00e9pos\u00e9s, \ufb01nalit\u00e9s, consentement 6. Conditions de service \/ responsabilit\u00e9 Le site s\u2019e\ufb00orce d\u2019assurer l\u2019exactitude des informations di\ufb00us\u00e9es, mais ne garantit pas qu\u2019elles soient compl\u00e8tes, exactes ou \u00e0 jour. L\u2019\u00e9diteur ne pourra \u00eatre tenu responsable des dommages directs ou indirects r\u00e9sultant de l\u2019acc\u00e8s ou de l\u2019utilisation du site. L\u2019utilisateur s\u2019engage \u00e0 ne pas utiliser le site \u00e0 des \ufb01ns ill\u00e9gales : spam, intrusion informatique, di\ufb00usion de contenus illicites, etc. 7. Liens hypertextes Le site peut contenir des liens vers d\u2019autres sites. L\u2019\u00e9diteur d\u00e9cline toute responsabilit\u00e9 quant aux contenus de ces sites externes. 8. Droit applicable et attribution de juridiction Les pr\u00e9sentes mentions l\u00e9gales sont r\u00e9gies par le droit fran\u00e7ais. En cas de litige, seuls les tribunaux comp\u00e9tents du ressort de ville du si\u00e8ge social seront comp\u00e9tents, sauf disposition imp\u00e9rative contraire.<\/p>\n","protected":false},"author":1,"featured_media":0,"parent":0,"menu_order":0,"comment_status":"closed","ping_status":"closed","template":"","meta":{"ocean_post_layout":"full-screen","ocean_both_sidebars_style":"","ocean_both_sidebars_content_width":0,"ocean_both_sidebars_sidebars_width":0,"ocean_sidebar":"0","ocean_second_sidebar":"0","ocean_disable_margins":"on","ocean_add_body_class":"","ocean_shortcode_before_top_bar":"","ocean_shortcode_after_top_bar":"","ocean_shortcode_before_header":"","ocean_shortcode_after_header":"","ocean_has_shortcode":"","ocean_shortcode_after_title":"","ocean_shortcode_before_footer_widgets":"","ocean_shortcode_after_footer_widgets":"","ocean_shortcode_before_footer_bottom":"","ocean_shortcode_after_footer_bottom":"","ocean_display_top_bar":"default","ocean_display_header":"default","ocean_header_style":"","ocean_center_header_left_menu":"0","ocean_custom_header_template":"0","ocean_custom_logo":0,"ocean_custom_retina_logo":0,"ocean_custom_logo_max_width":0,"ocean_custom_logo_tablet_max_width":0,"ocean_custom_logo_mobile_max_width":0,"ocean_custom_logo_max_height":0,"ocean_custom_logo_tablet_max_height":0,"ocean_custom_logo_mobile_max_height":0,"ocean_header_custom_menu":"0","ocean_menu_typo_font_family":"0","ocean_menu_typo_font_subset":"","ocean_menu_typo_font_size":0,"ocean_menu_typo_font_size_tablet":0,"ocean_menu_typo_font_size_mobile":0,"ocean_menu_typo_font_size_unit":"px","ocean_menu_typo_font_weight":"","ocean_menu_typo_font_weight_tablet":"","ocean_menu_typo_font_weight_mobile":"","ocean_menu_typo_transform":"","ocean_menu_typo_transform_tablet":"","ocean_menu_typo_transform_mobile":"","ocean_menu_typo_line_height":0,"ocean_menu_typo_line_height_tablet":0,"ocean_menu_typo_line_height_mobile":0,"ocean_menu_typo_line_height_unit":"","ocean_menu_typo_spacing":0,"ocean_menu_typo_spacing_tablet":0,"ocean_menu_typo_spacing_mobile":0,"ocean_menu_typo_spacing_unit":"","ocean_menu_link_color":"","ocean_menu_link_color_hover":"","ocean_menu_link_color_active":"","ocean_menu_link_background":"","ocean_menu_link_hover_background":"","ocean_menu_link_active_background":"","ocean_menu_social_links_bg":"","ocean_menu_social_hover_links_bg":"","ocean_menu_social_links_color":"","ocean_menu_social_hover_links_color":"","ocean_disable_title":"on","ocean_disable_heading":"default","ocean_post_title":"","ocean_post_subheading":"","ocean_post_title_style":"","ocean_post_title_background_color":"","ocean_post_title_background":0,"ocean_post_title_bg_image_position":"","ocean_post_title_bg_image_attachment":"","ocean_post_title_bg_image_repeat":"","ocean_post_title_bg_image_size":"","ocean_post_title_height":0,"ocean_post_title_bg_overlay":0.5,"ocean_post_title_bg_overlay_color":"","ocean_disable_breadcrumbs":"default","ocean_breadcrumbs_color":"","ocean_breadcrumbs_separator_color":"","ocean_breadcrumbs_links_color":"","ocean_breadcrumbs_links_hover_color":"","ocean_display_footer_widgets":"on","ocean_display_footer_bottom":"default","ocean_custom_footer_template":"0","footnotes":""},"class_list":["post-1634","page","type-page","status-publish","hentry","entry"],"_links":{"self":[{"href":"https:\/\/www.phoenix-zone.fr\/index.php?rest_route=\/wp\/v2\/pages\/1634","targetHints":{"allow":["GET"]}}],"collection":[{"href":"https:\/\/www.phoenix-zone.fr\/index.php?rest_route=\/wp\/v2\/pages"}],"about":[{"href":"https:\/\/www.phoenix-zone.fr\/index.php?rest_route=\/wp\/v2\/types\/page"}],"author":[{"embeddable":true,"href":"https:\/\/www.phoenix-zone.fr\/index.php?rest_route=\/wp\/v2\/users\/1"}],"replies":[{"embeddable":true,"href":"https:\/\/www.phoenix-zone.fr\/index.php?rest_route=%2Fwp%2Fv2%2Fcomments&post=1634"}],"version-history":[{"count":20,"href":"https:\/\/www.phoenix-zone.fr\/index.php?rest_route=\/wp\/v2\/pages\/1634\/revisions"}],"predecessor-version":[{"id":1657,"href":"https:\/\/www.phoenix-zone.fr\/index.php?rest_route=\/wp\/v2\/pages\/1634\/revisions\/1657"}],"wp:attachment":[{"href":"https:\/\/www.phoenix-zone.fr\/index.php?rest_route=%2Fwp%2Fv2%2Fmedia&parent=1634"}],"curies":[{"name":"wp","href":"https:\/\/api.w.org\/{rel}","templated":true}]}}